{"id":6487,"date":"2022-08-11T17:15:06","date_gmt":"2022-08-11T15:15:06","guid":{"rendered":"https:\/\/www.ispas-ev.de\/?page_id=6487"},"modified":"2022-08-11T17:27:47","modified_gmt":"2022-08-11T15:27:47","slug":"beitrag-von-sondrio-zu-25-jahre-ispas","status":"publish","type":"page","link":"https:\/\/test.ispas-ev.de\/?page_id=6487","title":{"rendered":"Beitrag von Sondrio zu 25-Jahre ISPAS"},"content":{"rendered":"<p style=\"text-align: justify;\">Die Vereinsmitglieder hatten sich zu den Feierlichkeiten <a href=\"https:\/\/www.ispas-ev.de\/?p=6465\">\u201e25-Jahre ISPAS\u201c einen Film \u00fcber die gelebten Beziehungen zu den Sindelfinger Partnerst\u00e4dten<\/a> vorgenommen. Daraufhin stellten die Sindelfinger Partnerst\u00e4dte und Vereinsmitglieder Film- und Bildmaterial zusammen und ISPAS zur Verf\u00fcgung.<\/p>\n<p style=\"text-align: justify;\">Hier ist der Filmbeitrag unserer Partnerstadt Sondrio zu 25-Jahre ISPAS:<\/p>\n<div style=\"width: 640px;\" class=\"wp-video\"><!--[if lt IE 9]><script>document.createElement('video');<\/script><![endif]-->\n<video class=\"wp-video-shortcode\" id=\"video-6487-1\" width=\"640\" height=\"360\" preload=\"metadata\" controls=\"controls\"><source type=\"video\/mp4\" src=\"https:\/\/www.ispas-ev.de\/wp-content\/uploads\/Film\/Partnerstaedte_2022\/Sondrio_2022.mp4?_=1\" \/><a href=\"https:\/\/www.ispas-ev.de\/wp-content\/uploads\/Film\/Partnerstaedte_2022\/Sondrio_2022.mp4\">https:\/\/www.ispas-ev.de\/wp-content\/uploads\/Film\/Partnerstaedte_2022\/Sondrio_2022.mp4<\/a><\/video><\/div>\n<p>&nbsp;<\/p>\n","protected":false},"excerpt":{"rendered":"<p>Die Vereinsmitglieder hatten sich zu den Feierlichkeiten \u201e25-Jahre ISPAS\u201c einen Film \u00fcber die gelebten Beziehungen zu den Sindelfinger Partnerst\u00e4dten vorgenommen. Daraufhin stellten die Sindelfinger Partnerst\u00e4dte und Vereinsmitglieder Film- und Bildmaterial [&hellip;]<\/p>\n","protected":false},"author":5,"featured_media":0,"parent":0,"menu_order":0,"comment_status":"closed","ping_status":"closed","template":"","meta":{"ngg_post_thumbnail":0},"_links":{"self":[{"href":"https:\/\/test.ispas-ev.de\/index.php?rest_route=\/wp\/v2\/pages\/6487"}],"collection":[{"href":"https:\/\/test.ispas-ev.de\/index.php?rest_route=\/wp\/v2\/pages"}],"about":[{"href":"https:\/\/test.ispas-ev.de\/index.php?rest_route=\/wp\/v2\/types\/page"}],"author":[{"embeddable":true,"href":"https:\/\/test.ispas-ev.de\/index.php?rest_route=\/wp\/v2\/users\/5"}],"replies":[{"embeddable":true,"href":"https:\/\/test.ispas-ev.de\/index.php?rest_route=%2Fwp%2Fv2%2Fcomments&post=6487"}],"version-history":[{"count":3,"href":"https:\/\/test.ispas-ev.de\/index.php?rest_route=\/wp\/v2\/pages\/6487\/revisions"}],"predecessor-version":[{"id":6510,"href":"https:\/\/test.ispas-ev.de\/index.php?rest_route=\/wp\/v2\/pages\/6487\/revisions\/6510"}],"wp:attachment":[{"href":"https:\/\/test.ispas-ev.de\/index.php?rest_route=%2Fwp%2Fv2%2Fmedia&parent=6487"}],"curies":[{"name":"wp","href":"https:\/\/api.w.org\/{rel}","templated":true}]}}