{"id":172,"date":"2011-08-03T22:43:44","date_gmt":"2011-08-03T20:43:44","guid":{"rendered":"http:\/\/www.ispas-ev.de\/?page_id=172"},"modified":"2018-03-15T23:10:52","modified_gmt":"2018-03-15T22:10:52","slug":"thorgau-2","status":"publish","type":"page","link":"https:\/\/test.ispas-ev.de\/?page_id=172","title":{"rendered":"Torgau"},"content":{"rendered":"<p><span style=\"font-size: small;\">Partnerstadt seit 1988<\/span><\/p>\n<p><span style=\"font-size: small;\"><a href=\"https:\/\/www.ispas-ev.de\/wp-content\/uploads\/2011\/08\/Torgau-2-Wappen-85x100.png\"><img decoding=\"async\" loading=\"lazy\" class=\"alignright size-full wp-image-1145\" title=\"Stadtwappen Torgaus\" src=\"https:\/\/www.ispas-ev.de\/wp-content\/uploads\/2011\/08\/Torgau-2-Wappen-85x100.png\" alt=\"\" width=\"189\" height=\"100\"><\/a>Torgau liegt im Nordwesten des Freistaates Sachsen, direkt an der Elbe zwischen Wittenberg und Mei\u00dfen. Torgau ist Gro\u00dfe Kreisstadt und Sitz des Landratsamtes des Landkreises Nordsachsen.<\/span><br \/>\n<span style=\"font-size: small;\"> Die ersten Verbindungen f\u00fcr eine St\u00e4dtepartnerschaft wurden 1987 aufgenommen. Best\u00e4tigt wurde dies durch den Partnerschaftsvertrag am 26.10.1988.<\/span><\/p>\n<p><span style=\"font-size: small;\"> <a href=\"https:\/\/www.ispas-ev.de\/wp-content\/uploads\/2011\/08\/Torgau2.jpg\"><img decoding=\"async\" loading=\"lazy\" class=\" wp-image-1147 alignleft\" title=\"Schlo\u00df Hartenfels\" src=\"https:\/\/www.ispas-ev.de\/wp-content\/uploads\/2011\/08\/Torgau2-300x225.jpg\" alt=\"\" width=\"240\" height=\"180\" srcset=\"https:\/\/test.ispas-ev.de\/wp-content\/uploads\/2011\/08\/Torgau2-300x225.jpg 300w, https:\/\/test.ispas-ev.de\/wp-content\/uploads\/2011\/08\/Torgau2.jpg 800w\" sizes=\"(max-width: 240px) 100vw, 240px\" \/><\/a>Die Gro\u00dfe Kreisstadt kann auf eine \u00fcber eintausend j\u00e4hrige Geschichte zur\u00fcckblicken. F\u00fcr geschichts- und architekturinteressierte Besucher wird der Aufenthalt in der Stadt zum Erlebnis. Aber auch f\u00fcr Naturliebhaber ist Torgau ein idealer Ausgangspunkt f\u00fcr eine Vielzahl an Ausfl\u00fcgen in die durch Heidegebiete und von Elbauen gepr\u00e4gte, nahe Umgebung.<\/span><\/p>\n<p><span style=\"font-size: small;\"><a href=\"https:\/\/www.ispas-ev.de\/wp-content\/uploads\/2011\/08\/Torgau3.jpg\"><img decoding=\"async\" loading=\"lazy\" class=\"wp-image-1148 alignright\" title=\"Schlo\u00df Hartenfels\" src=\"https:\/\/www.ispas-ev.de\/wp-content\/uploads\/2011\/08\/Torgau3-300x225.jpg\" alt=\"\" width=\"240\" height=\"180\" srcset=\"https:\/\/test.ispas-ev.de\/wp-content\/uploads\/2011\/08\/Torgau3-300x225.jpg 300w, https:\/\/test.ispas-ev.de\/wp-content\/uploads\/2011\/08\/Torgau3.jpg 800w\" sizes=\"(max-width: 240px) 100vw, 240px\" \/><\/a>Torgau selbst besitzt viele Sehensw\u00fcrdigkeiten: Das Schloss Hartenfels mit seinem &#8222;B\u00e4rengraben&#8220;, das bedeutendste Schloss der deutschen Fr\u00fchrenaissance; die Marienkirche mit dem Grabstein Katharina Luthers; die Schlosskirche, eingeweiht am 05.10.1544 durch Martin Luther, die erste protestantische Kirche Deutschlands; die renovierte Renaissance-Altstadt, u.a. mit dem Haus Katharinenstrasse 11, in dem die Frau Martin Luthers, Katharina von Bora am 20.12.1552 starb.<\/span><\/p>\n<p><span style=\"font-size: small;\"><a href=\"https:\/\/www.ispas-ev.de\/wp-content\/uploads\/2011\/08\/Torgau4.jpg\"><img decoding=\"async\" loading=\"lazy\" class=\"alignleft wp-image-1149\" title=\"Wendelstein in Schloss Hartenfels\" src=\"https:\/\/www.ispas-ev.de\/wp-content\/uploads\/2011\/08\/Torgau4-300x199.jpg\" alt=\"\" width=\"240\" height=\"159\" srcset=\"https:\/\/test.ispas-ev.de\/wp-content\/uploads\/2011\/08\/Torgau4-300x199.jpg 300w, https:\/\/test.ispas-ev.de\/wp-content\/uploads\/2011\/08\/Torgau4.jpg 800w\" sizes=\"(max-width: 240px) 100vw, 240px\" \/><\/a>Au\u00dferdem hat Torgau auch historisch Interessantes zu bieten: Unter anderem begegneten sich zum Ende des Zweiten Weltkrieges vor den Toren der Stadt am 24. April 1945 zum ersten Mal die sowjetischen und amerikanischen Truppen und legten den &#8222;Torgauer Schwur&#8220; ab. An dieses Zusammentreffen wird j\u00e4hrlich am sogenannten Elbe Day gedacht.<\/span><\/p>\n<p><span style=\"font-size: small;\"><em>Andrea Abendroth<\/em><\/span><br \/>\n<span style=\"font-size: small;\"> <em>Alexandra Keller<\/em><\/span><\/p>\n","protected":false},"excerpt":{"rendered":"<p>Partnerstadt seit 1988 Torgau liegt im Nordwesten des Freistaates Sachsen, direkt an der Elbe zwischen Wittenberg und Mei\u00dfen. Torgau ist Gro\u00dfe Kreisstadt und Sitz des Landratsamtes des Landkreises Nordsachsen. Die [&hellip;]<\/p>\n","protected":false},"author":2,"featured_media":0,"parent":142,"menu_order":70,"comment_status":"closed","ping_status":"closed","template":"","meta":{"ngg_post_thumbnail":0},"_links":{"self":[{"href":"https:\/\/test.ispas-ev.de\/index.php?rest_route=\/wp\/v2\/pages\/172"}],"collection":[{"href":"https:\/\/test.ispas-ev.de\/index.php?rest_route=\/wp\/v2\/pages"}],"about":[{"href":"https:\/\/test.ispas-ev.de\/index.php?rest_route=\/wp\/v2\/types\/page"}],"author":[{"embeddable":true,"href":"https:\/\/test.ispas-ev.de\/index.php?rest_route=\/wp\/v2\/users\/2"}],"replies":[{"embeddable":true,"href":"https:\/\/test.ispas-ev.de\/index.php?rest_route=%2Fwp%2Fv2%2Fcomments&post=172"}],"version-history":[{"count":31,"href":"https:\/\/test.ispas-ev.de\/index.php?rest_route=\/wp\/v2\/pages\/172\/revisions"}],"predecessor-version":[{"id":4180,"href":"https:\/\/test.ispas-ev.de\/index.php?rest_route=\/wp\/v2\/pages\/172\/revisions\/4180"}],"up":[{"embeddable":true,"href":"https:\/\/test.ispas-ev.de\/index.php?rest_route=\/wp\/v2\/pages\/142"}],"wp:attachment":[{"href":"https:\/\/test.ispas-ev.de\/index.php?rest_route=%2Fwp%2Fv2%2Fmedia&parent=172"}],"curies":[{"name":"wp","href":"https:\/\/api.w.org\/{rel}","templated":true}]}}