{"id":159,"date":"2011-08-03T22:35:35","date_gmt":"2011-08-03T20:35:35","guid":{"rendered":"http:\/\/www.ispas-ev.de\/?page_id=159"},"modified":"2018-04-16T22:51:05","modified_gmt":"2018-04-16T20:51:05","slug":"schaffhausen","status":"publish","type":"page","link":"https:\/\/test.ispas-ev.de\/?page_id=159","title":{"rendered":"Schaffhausen"},"content":{"rendered":"<p><span style=\"color: #000000;\"><span style=\"font-family: arial,helvetica,sans-serif; font-size: small;\">Partnerstadt seit 1952<br style=\"font-family: arial,helvetica,sans-serif; font-size: small;\"> <\/span><\/span><\/p>\n<p><a href=\"https:\/\/www.ispas-ev.de\/wp-content\/uploads\/2011\/08\/Wappen-Schaffhausen-174x100.png\"><img decoding=\"async\" loading=\"lazy\" class=\"alignright size-full wp-image-1038\" title=\"Stadtwappen Schaffhausens\" src=\"https:\/\/www.ispas-ev.de\/wp-content\/uploads\/2011\/08\/Wappen-Schaffhausen-174x100.png\" alt=\"Stadtwappen Schaffhausens\" width=\"174\" height=\"100\"><\/a><\/p>\n<p><span style=\"font-size: small; font-family: arial,helvetica,sans-serif; color: #000000;\">Die erste offizielle Partnerschaft, an der eine deutsche Stadt beteiligt war, geht auf 1930 zur\u00fcck und wurde zwischen Wiesbaden und Klagenfurt geschlossen. Nach dem Zweiten Weltkrieg wurden ab 1947 verst\u00e4rkt St\u00e4dtepartnerschaften gegr\u00fcndet, um V\u00f6lkerverst\u00e4ndigung an der Basis zu praktizieren und die Wunden des Krieges zu heilen. Ein Beispiel ist etwa die Partnerschaft Bonns mit dem englischen Oxford. Auch Sindelfingen verbindet bereits seit 1952 mit Schaffhausen eine partnerschaftliche Freundschaft. Die Beziehungen wurden vom damaligen Oberb\u00fcrgermeister Arthur Gruber und dem Schaffhauser Stadtpr\u00e4sidenten Walter Bringolf aufgenommen.<\/span><\/p>\n<p align=\"JUSTIFY\"><span style=\"color: #000000; font-family: arial,helvetica,sans-serif;\"><a href=\"https:\/\/www.ispas-ev.de\/wp-content\/uploads\/2011\/08\/Schaffhausen-Munot.jpg\"><img decoding=\"async\" loading=\"lazy\" class=\"size-full wp-image-536 alignleft\" title=\"Schaffhausens Wahrzeichen: Der Munot\" src=\"https:\/\/www.ispas-ev.de\/wp-content\/uploads\/2011\/08\/Schaffhausen-Munot.jpg\" alt=\"\" width=\"160\" height=\"160\" srcset=\"https:\/\/test.ispas-ev.de\/wp-content\/uploads\/2011\/08\/Schaffhausen-Munot.jpg 160w, https:\/\/test.ispas-ev.de\/wp-content\/uploads\/2011\/08\/Schaffhausen-Munot-150x150.jpg 150w, https:\/\/test.ispas-ev.de\/wp-content\/uploads\/2011\/08\/Schaffhausen-Munot-90x90.jpg 90w\" sizes=\"(max-width: 160px) 100vw, 160px\" \/><\/a><\/span><\/p>\n<p align=\"JUSTIFY\"><span style=\"font-family: arial,helvetica,sans-serif; font-size: small; color: #000000;\"><a href=\"https:\/\/schaffhausen.ch\/\"><strong>Schaffhausen<\/strong><\/a> ist die n\u00f6rdlichste Stadt der Schweiz und neben Basel, dem St\u00e4dtchen Stein am Rhein und Eglisau (Kanton Z\u00fcrich) eine der wenigen Schweizer St\u00e4dte n\u00f6rdlich des Hochrheins. Schaffhausen liegt s\u00fcd\u00f6stlich des Randen, an der M\u00fcndung der aus Norden kommenden Durach, die in den Rhein m\u00fcndet. Die Altstadt weist zahlreiche Renaissancegeb\u00e4ude auf. Den Beinamen <em>Erkerstadt<\/em> bekam Schaffhausen aufgrund der 171 vorhandenen Erker. Au\u00dferhalb der urspr\u00fcnglichen Stadtmauern, durch Expansion nun inmitten der Stadt, befindet sich der Munot, eine Festung des 16. Jahrhunderts. S\u00fcdwestlich der Stadt, aber nicht mehr im Stadtgebiet, ist mit dem Rheinfall der gr\u00f6\u00dfte Wasserfall Europas zu bestaunen. <!--more--> Schaffhausen liegt am Rande des Mittellandes und im Bereich der gem\u00e4\u00dfigten Klimazone, im Regenschatten von Schwarzwald, Randen und des Reiats. Besonders der Schwarzwald h\u00e4lt die regenreichen Westwinde ab. Die Regenmenge von durchschnittlich 863&nbsp;mm im Jahr ist f\u00fcr Mitteleuropa eher gering. Sie geh\u00f6rt zu den tiefsten in der ganzen Schweiz. Der in den Alpent\u00e4lern und am Alpenrand wichtige F\u00f6hn zeigt im Normalfall keine speziellen klimatischen Auswirkungen auf Schaffhausen. Das langj\u00e4hrige Mittel an Sonnenscheindauer betr\u00e4gt 1345 Stunden pro Jahr. So ist Schaffhausen eine interessante Touristenstadt und l\u00e4dt ein zu Besichtigungen, Schifffahrten, Einkaufsbummeln und zum Ausruhen und Genie\u00dfen an manch nettem Fleckchen. Dank der Autobahn A 81 Stuttgart \u2013 Singen sowie der guten Bahnverbindungen kann Schaffhausen sehr wohl zum Ziel eines interessanten und gem\u00fctlichen Tagesausflugs werden.<\/span><\/p>\n<p align=\"JUSTIFY\"><span style=\"font-family: arial,helvetica,sans-serif; color: #000000;\"><strong><a href=\"https:\/\/www.ispas-ev.de\/wp-content\/uploads\/2011\/08\/Schaffhausen-Weinberge.jpg\"><img decoding=\"async\" loading=\"lazy\" class=\"alignright size-full wp-image-537\" title=\"Schaffhausen Weinberge\" src=\"https:\/\/www.ispas-ev.de\/wp-content\/uploads\/2011\/08\/Schaffhausen-Weinberge.jpg\" alt=\"\" width=\"160\" height=\"160\" srcset=\"https:\/\/test.ispas-ev.de\/wp-content\/uploads\/2011\/08\/Schaffhausen-Weinberge.jpg 160w, https:\/\/test.ispas-ev.de\/wp-content\/uploads\/2011\/08\/Schaffhausen-Weinberge-150x150.jpg 150w, https:\/\/test.ispas-ev.de\/wp-content\/uploads\/2011\/08\/Schaffhausen-Weinberge-90x90.jpg 90w\" sizes=\"(max-width: 160px) 100vw, 160px\" \/><\/a><\/strong> <span style=\"font-size: small;\"><strong>Sindelfingen<\/strong> und <strong>Schaffhausen<\/strong>blicken auf zahlreiche freundschaftliche Austausche zur\u00fcck: Gegenseitige Besuche von Gemeinderat und Stadtparlament, Sportbeziehungen und B\u00fcrgerfahrten. Eine Delegation aus Schaffhausen beteiligt sich am j\u00e4hrlichen \u201eInternationalen Stra\u00dfenfest\u201c in Sindelfingen. 2011 richtete eine Sindelfinger Delegation bei \u201eSchaffusia\u201911\u201c, dem gro\u00dfen Stadtfest in Schaffhausen, einen Stand ein. Die freundschaftlichen Beziehungen werden weiter ausgebaut.<\/span><\/span><\/p>\n<p>&nbsp;<\/p>\n<p><span style=\"font-family: Arial;\"><strong><span style=\"color: #000000;\"><span style=\"font-family: arial,helvetica,sans-serif;\"><span style=\"font-size: small;\">Gemeinsame Aktivit\u00e4ten Sindelfingen-Schaffhausen<\/span><\/span><\/span><\/strong><\/span><\/p>\n<ul style=\"list-style-type: disc;\">\n<li><span style=\"color: #000000;\"><span style=\"font-family: arial,helvetica,sans-serif;\"><span style=\"font-size: small;\">J\u00e4hrlicher Besuch einer offiziellen Delegation der Stadt Schaffhausen zu Sindelfingens Internationalem Stra\u00dfenfest<\/span><\/span><\/span><\/li>\n<li><span style=\"color: #000000;\"><span style=\"font-family: arial,helvetica,sans-serif;\"><span style=\"font-size: small;\">Bei \u201e<em>Schaffusia&#8217;11<\/em>\u201c, dem gro\u00dfen Stadtfest in Schaffhausen, richtete eine Sindelfinger Delegation einen Stand ein um die Besucherinnen und Besucher mit schw\u00e4bischen Spezialit\u00e4ten und Informationen \u00fcber Sindelfingen bekannt zu machen<\/span><\/span><\/span><\/li>\n<li><span style=\"color: #000000;\"><span style=\"font-family: arial,helvetica,sans-serif;\"><span style=\"font-size: small;\">Gegenseitige Besuche und freundschaftliche Austausche von Gemeinderat und Stadtparlament, Sportbeziehungen, Musikgruppen und B\u00fcrgerfahrten.<\/span><\/span><\/span><\/li>\n<li><span style=\"color: #000000;\"><span style=\"font-family: arial,helvetica,sans-serif;\"><span style=\"font-size: small;\">Geplante B\u00fcrgerfahrt anl\u00e4sslich <em>60 Jahre partnerschaftliche Freundschaft<\/em> zwischen Schaffhausen und Sindelfingen vom 22. bis 24. Juni 2012<\/span><\/span><\/span><\/li>\n<\/ul>\n<address><span style=\"font-family: arial,helvetica,sans-serif; color: #000000; font-size: small;\">Brigitte Stegmaier<br \/>\nGudrun Stauffer<\/span><\/address>\n","protected":false},"excerpt":{"rendered":"<p>Partnerstadt seit 1952 Die erste offizielle Partnerschaft, an der eine deutsche Stadt beteiligt war, geht auf 1930 zur\u00fcck und wurde zwischen Wiesbaden und Klagenfurt geschlossen. Nach dem Zweiten Weltkrieg wurden [&hellip;]<\/p>\n","protected":false},"author":2,"featured_media":0,"parent":142,"menu_order":50,"comment_status":"closed","ping_status":"closed","template":"","meta":{"ngg_post_thumbnail":0},"_links":{"self":[{"href":"https:\/\/test.ispas-ev.de\/index.php?rest_route=\/wp\/v2\/pages\/159"}],"collection":[{"href":"https:\/\/test.ispas-ev.de\/index.php?rest_route=\/wp\/v2\/pages"}],"about":[{"href":"https:\/\/test.ispas-ev.de\/index.php?rest_route=\/wp\/v2\/types\/page"}],"author":[{"embeddable":true,"href":"https:\/\/test.ispas-ev.de\/index.php?rest_route=\/wp\/v2\/users\/2"}],"replies":[{"embeddable":true,"href":"https:\/\/test.ispas-ev.de\/index.php?rest_route=%2Fwp%2Fv2%2Fcomments&post=159"}],"version-history":[{"count":94,"href":"https:\/\/test.ispas-ev.de\/index.php?rest_route=\/wp\/v2\/pages\/159\/revisions"}],"predecessor-version":[{"id":4272,"href":"https:\/\/test.ispas-ev.de\/index.php?rest_route=\/wp\/v2\/pages\/159\/revisions\/4272"}],"up":[{"embeddable":true,"href":"https:\/\/test.ispas-ev.de\/index.php?rest_route=\/wp\/v2\/pages\/142"}],"wp:attachment":[{"href":"https:\/\/test.ispas-ev.de\/index.php?rest_route=%2Fwp%2Fv2%2Fmedia&parent=159"}],"curies":[{"name":"wp","href":"https:\/\/api.w.org\/{rel}","templated":true}]}}