{"id":142,"date":"2011-08-03T19:26:52","date_gmt":"2011-08-03T17:26:52","guid":{"rendered":"http:\/\/www.ispas-ev.de\/?page_id=142"},"modified":"2022-08-16T20:49:46","modified_gmt":"2022-08-16T18:49:46","slug":"partnerstadte","status":"publish","type":"page","link":"https:\/\/test.ispas-ev.de\/?page_id=142","title":{"rendered":"Partnerst\u00e4dte"},"content":{"rendered":"<h5>Sindelfingen kann auf eine lange Partnerschaft mit sechs europ\u00e4ischen St\u00e4dten zur\u00fcckblicken.<\/h5>\n<p>Die erste offizielle Partnerschaft, an der eine deutsche Stadt beteiligt war, geht auf 1930 zur\u00fcck und wurde zwischen Wiesbaden und Klagenfurt geschlossen. Nach dem Zweiten Weltkrieg wurden ab 1947 verst\u00e4rkt St\u00e4dtepartnerschaften gegr\u00fcndet, um V\u00f6lkerverst\u00e4ndigung an der Basis zu praktizieren und die Wunden des Krieges zu heilen. Ein Beispiel ist etwa die Partnerschaft Bonns mit dem englischen Oxford. Auch Sindelfingen verbindet bereits seit 1952 mit Schaffhausen eine partnerschaftliche Freundschaft. Die Beziehungen wurden vom damaligen Oberb\u00fcrgermeister Arthur Gruber und dem Schaffhauser Stadtpr\u00e4sidenten Walter Bringolf aufgenommen.<\/p>\n<h5>&nbsp;<\/h5>\n<h5><img decoding=\"async\" loading=\"lazy\" class=\"alignnone size-medium wp-image-6468\" src=\"https:\/\/www.ispas-ev.de\/wp-content\/uploads\/2022\/07\/Partnerstaedte_Film-300x213.png\" alt=\"\" width=\"300\" height=\"213\" srcset=\"https:\/\/test.ispas-ev.de\/wp-content\/uploads\/2022\/07\/Partnerstaedte_Film-300x213.png 300w, https:\/\/test.ispas-ev.de\/wp-content\/uploads\/2022\/07\/Partnerstaedte_Film-768x545.png 768w, https:\/\/test.ispas-ev.de\/wp-content\/uploads\/2022\/07\/Partnerstaedte_Film.png 1013w\" sizes=\"(max-width: 300px) 100vw, 300px\" \/><\/h5>\n<h5><a href=\"https:\/\/www.ispas-ev.de\/?p=5622\">25 Jahre ISPAS<\/a><\/h5>\n<p>Die einzelnen Beitr\u00e4ge unserer Partnerst\u00e4dte zu 25-Jahre ISPAS:<br \/>\n<strong><a class=\"row-title\" href=\"https:\/\/www.ispas-ev.de\/?page_id=6480\" aria-label=\"\u201eBeitrag von Che\u0142m zu 25-Jahre ISPAS\u201c (Bearbeiten)\">Beitrag von Che\u0142m<\/a><br \/>\n<a class=\"row-title\" href=\"https:\/\/www.ispas-ev.de\/?page_id=6489\" aria-label=\"\u201eBeitrag von Corbeille-Essonnes zu 25-Jahre ISPAS\u201c (Bearbeiten)\">Beitrag von Corbeil-Essonnes<\/a><br \/>\n<a class=\"row-title\" href=\"https:\/\/www.ispas-ev.de\/?page_id=6490\" aria-label=\"\u201eBeitrag von Corbeille-Essonnes zu 25-Jahre ISPAS\u201c (Bearbeiten)\">Beitrag von Dronfield<\/a><br \/>\n<a class=\"row-title\" href=\"https:\/\/www.ispas-ev.de\/?page_id=6485\" aria-label=\"\u201eBeitrag von Gy\u0151r zu 25-Jahre ISPAS\u201c (Bearbeiten)\">Beitrag von Gy\u0151r<\/a><br \/>\n<a class=\"row-title\" href=\"https:\/\/www.ispas-ev.de\/?page_id=6486\" aria-label=\"\u201eBeitrag von Schaffhausen zu 25-Jahre ISPAS\u201c (Bearbeiten)\">Beitrag von Schaffhausen<\/a><br \/>\n<a class=\"row-title\" href=\"https:\/\/www.ispas-ev.de\/?page_id=6487\" aria-label=\"\u201eBeitrag von Sondrio zu 25-Jahre ISPAS\u201c (Bearbeiten)\">Beitrag von Sondrio<\/a><br \/>\n<a class=\"row-title\" href=\"https:\/\/www.ispas-ev.de\/?page_id=6488\" aria-label=\"\u201eBeitrag von Torgau zu 25-Jahre ISPAS\u201c (Bearbeiten)\">Beitrag von Torgau<\/a><\/strong><\/p>\n","protected":false},"excerpt":{"rendered":"<p>Sindelfingen kann auf eine lange Partnerschaft mit sechs europ\u00e4ischen St\u00e4dten zur\u00fcckblicken. Die erste offizielle Partnerschaft, an der eine deutsche Stadt beteiligt war, geht auf 1930 zur\u00fcck und wurde zwischen Wiesbaden [&hellip;]<\/p>\n","protected":false},"author":3,"featured_media":0,"parent":0,"menu_order":30,"comment_status":"closed","ping_status":"closed","template":"","meta":{"ngg_post_thumbnail":0},"_links":{"self":[{"href":"https:\/\/test.ispas-ev.de\/index.php?rest_route=\/wp\/v2\/pages\/142"}],"collection":[{"href":"https:\/\/test.ispas-ev.de\/index.php?rest_route=\/wp\/v2\/pages"}],"about":[{"href":"https:\/\/test.ispas-ev.de\/index.php?rest_route=\/wp\/v2\/types\/page"}],"author":[{"embeddable":true,"href":"https:\/\/test.ispas-ev.de\/index.php?rest_route=\/wp\/v2\/users\/3"}],"replies":[{"embeddable":true,"href":"https:\/\/test.ispas-ev.de\/index.php?rest_route=%2Fwp%2Fv2%2Fcomments&post=142"}],"version-history":[{"count":18,"href":"https:\/\/test.ispas-ev.de\/index.php?rest_route=\/wp\/v2\/pages\/142\/revisions"}],"predecessor-version":[{"id":6537,"href":"https:\/\/test.ispas-ev.de\/index.php?rest_route=\/wp\/v2\/pages\/142\/revisions\/6537"}],"wp:attachment":[{"href":"https:\/\/test.ispas-ev.de\/index.php?rest_route=%2Fwp%2Fv2%2Fmedia&parent=142"}],"curies":[{"name":"wp","href":"https:\/\/api.w.org\/{rel}","templated":true}]}}