{"id":12,"date":"2011-07-06T19:43:35","date_gmt":"2011-07-06T17:43:35","guid":{"rendered":"http:\/\/ispas-ev.de\/wordpress\/?page_id=12"},"modified":"2019-02-01T18:17:00","modified_gmt":"2019-02-01T17:17:00","slug":"mitgliedschaftsantrag","status":"publish","type":"page","link":"https:\/\/test.ispas-ev.de\/?page_id=12","title":{"rendered":"Mitgliedschaftsantrag"},"content":{"rendered":"<h3>Werden Sie Mitglied und bewegen Sie etwas!<\/h3>\n<p>Wir freuen uns auf Sie.<\/p>\n<address><strong>M\u00f6glichkeit 1: per Post<\/strong><\/address>\n<ol>\n<li><a title=\"Aufnahmeantrag\" href=\"https:\/\/www.ispas-ev.de\/wp-content\/uploads\/2019\/02\/2019_Anmeldeformular.pdf\">PDF-Download<\/a><\/li>\n<li>ausdrucken + ausf\u00fcllen<\/li>\n<li>per Post schicken<\/li>\n<\/ol>\n<p>&nbsp;<\/p>\n<address><strong>M\u00f6glichkeit 2: Online<\/strong><\/address>\n\n<div class=\"wpcf7 no-js\" id=\"wpcf7-f886-o1\" lang=\"en-US\" dir=\"ltr\">\n<div class=\"screen-reader-response\"><p role=\"status\" aria-live=\"polite\" aria-atomic=\"true\"><\/p> <ul><\/ul><\/div>\n<form action=\"\/index.php?rest_route=%2Fwp%2Fv2%2Fpages%2F12#wpcf7-f886-o1\" method=\"post\" class=\"wpcf7-form init\" aria-label=\"Contact form\" novalidate=\"novalidate\" data-status=\"init\">\n<div style=\"display: none;\">\n<input type=\"hidden\" name=\"_wpcf7\" value=\"886\" \/>\n<input type=\"hidden\" name=\"_wpcf7_version\" value=\"5.7.4\" \/>\n<input type=\"hidden\" name=\"_wpcf7_locale\" value=\"en_US\" \/>\n<input type=\"hidden\" name=\"_wpcf7_unit_tag\" value=\"wpcf7-f886-o1\" \/>\n<input type=\"hidden\" name=\"_wpcf7_container_post\" value=\"0\" \/>\n<input type=\"hidden\" name=\"_wpcf7_posted_data_hash\" value=\"\" \/>\n<\/div>\n<p class=\"formfield\">Vorname *\n<\/p>\n<p><span class=\"wpcf7-form-control-wrap\" data-name=\"prename\"><input size=\"40\" class=\"wpcf7-form-control wpcf7-text wpcf7-validates-as-required\" aria-required=\"true\" aria-invalid=\"false\" value=\"\" type=\"text\" name=\"prename\" \/><\/span>\n<\/p>\n<p class=\"formfield\">Nachname *\n<\/p>\n<p><span class=\"wpcf7-form-control-wrap\" data-name=\"nachname\"><input size=\"40\" class=\"wpcf7-form-control wpcf7-text wpcf7-validates-as-required\" aria-required=\"true\" aria-invalid=\"false\" value=\"\" type=\"text\" name=\"nachname\" \/><\/span>\n<\/p>\n<p class=\"formfield\">Strasse + Hausnummer *\n<\/p>\n<p><span class=\"wpcf7-form-control-wrap\" data-name=\"street\"><input size=\"40\" class=\"wpcf7-form-control wpcf7-text wpcf7-validates-as-required\" aria-required=\"true\" aria-invalid=\"false\" value=\"\" type=\"text\" name=\"street\" \/><\/span>\n<\/p>\n<p class=\"formfield\">PLZ + Wohnort *\n<\/p>\n<p><span class=\"wpcf7-form-control-wrap\" data-name=\"city\"><input size=\"40\" class=\"wpcf7-form-control wpcf7-text wpcf7-validates-as-required\" aria-required=\"true\" aria-invalid=\"false\" value=\"\" type=\"text\" name=\"city\" \/><\/span>\n<\/p>\n<p class=\"formfield\">Telefon *\n<\/p>\n<p><span class=\"wpcf7-form-control-wrap\" data-name=\"phone\"><input size=\"40\" class=\"wpcf7-form-control wpcf7-text wpcf7-validates-as-required\" aria-required=\"true\" aria-invalid=\"false\" value=\"\" type=\"text\" name=\"phone\" \/><\/span>\n<\/p>\n<p class=\"formfield\">Ihre Email\n<\/p>\n<p><span class=\"wpcf7-form-control-wrap\" data-name=\"emailaddress\"><input size=\"40\" class=\"wpcf7-form-control wpcf7-text wpcf7-email wpcf7-validates-as-email\" aria-invalid=\"false\" value=\"\" type=\"email\" name=\"emailaddress\" \/><\/span>\n<\/p>\n<p class=\"formfield\">Mitgliedschaft *\n<\/p>\n<p><span class=\"wpcf7-form-control-wrap\" data-name=\"mitgliedschaft\"><select class=\"wpcf7-form-control wpcf7-select wpcf7-validates-as-required\" aria-required=\"true\" aria-invalid=\"false\" name=\"mitgliedschaft\"><option value=\"Einzelmitgliedschaft (20 \u20ac p.a.)\">Einzelmitgliedschaft (20 \u20ac p.a.)<\/option><option value=\"Familienmitgliedschaft (30 \u20ac p.a.)\">Familienmitgliedschaft (30 \u20ac p.a.)<\/option><option value=\"Sch\u00fclerInnen \/ StudentInnen \/ Azubis (0,00 \u20ac p.a.)\">Sch\u00fclerInnen \/ StudentInnen \/ Azubis (0,00 \u20ac p.a.)<\/option><\/select><\/span>\n<\/p>\n<p class=\"formfield\">Jahresbeitrag * kann individuell erh\u00f6ht werden\n<\/p>\n<p><span class=\"wpcf7-form-control-wrap\" data-name=\"rate\"><input size=\"40\" class=\"wpcf7-form-control wpcf7-text wpcf7-validates-as-required\" aria-required=\"true\" aria-invalid=\"false\" value=\"\" type=\"text\" name=\"rate\" \/><\/span>\n<\/p>\n<p class=\"formfield\">Zahlungsart *\n<\/p>\n<p><span class=\"wpcf7-form-control-wrap\" data-name=\"zahlungsart\"><select class=\"wpcf7-form-control wpcf7-select wpcf7-validates-as-required\" aria-required=\"true\" aria-invalid=\"false\" name=\"zahlungsart\"><option value=\"jeweils zum 1. Juli\">jeweils zum 1. Juli<\/option><option value=\"j\u00e4hrlicher Bankeinzug von folgendem Konto:\">j\u00e4hrlicher Bankeinzug von folgendem Konto:<\/option><\/select><\/span>\n<\/p>\n<div class=\"kontobox\">\n\t<p><strong>Bitte nur angeben, wenn oben \"j\u00e4hrlicher Bankeinzug von folgendem Konto:\" ausgew\u00e4hlt ist:<\/strong>\n\t<\/p>\n\t<p class=\"formfield\">IBAN\n\t<\/p>\n\t<p><span class=\"wpcf7-form-control-wrap\" data-name=\"iban\"><input size=\"40\" class=\"wpcf7-form-control wpcf7-text\" aria-invalid=\"false\" value=\"\" type=\"text\" name=\"iban\" \/><\/span>\n\t<\/p>\n\t<p class=\"formfield\">BIC\n\t<\/p>\n\t<p><span class=\"wpcf7-form-control-wrap\" data-name=\"bic\"><input size=\"40\" class=\"wpcf7-form-control wpcf7-text\" aria-invalid=\"false\" value=\"\" type=\"text\" name=\"bic\" \/><\/span>\n\t<\/p>\n\t<p class=\"formfield\">Kreditinstitut\n\t<\/p>\n\t<p><span class=\"wpcf7-form-control-wrap\" data-name=\"bank\"><input size=\"40\" class=\"wpcf7-form-control wpcf7-text\" aria-invalid=\"false\" value=\"\" type=\"text\" name=\"bank\" \/><\/span>\n\t<\/p>\n\t<p class=\"formfield\">Kontoinhaber\n\t<\/p>\n\t<p><span class=\"wpcf7-form-control-wrap\" data-name=\"kontoinhaber\"><input size=\"40\" class=\"wpcf7-form-control wpcf7-text\" aria-invalid=\"false\" value=\"\" type=\"text\" name=\"kontoinhaber\" \/><\/span>\n\t<\/p>\n<\/div>\n<p class=\"formfield percent45\">Ich interessiere mich f\u00fcr folgende Partnerstadt, Land:\n<\/p>\n<p><span class=\"wpcf7-form-control-wrap\" data-name=\"partnerstadt\"><input size=\"40\" class=\"wpcf7-form-control wpcf7-text\" aria-invalid=\"false\" value=\"\" type=\"text\" name=\"partnerstadt\" \/><\/span>\n<\/p>\n<p class=\"formfield percent45\">Ich kann bei Besuchen bzw. Austauschen die folgende Anzahl G\u00e4ste aufnehmen:\n<\/p>\n<p><span class=\"wpcf7-form-control-wrap\" data-name=\"gaeste\"><input size=\"40\" class=\"wpcf7-form-control wpcf7-text\" aria-invalid=\"false\" value=\"\" type=\"text\" name=\"gaeste\" \/><\/span>\n<\/p>\n<p class=\"formfield\" style=\"color:red;font-weight:bold;\"><span class=\"wpcf7-form-control-wrap\" data-name=\"satzung\"><span class=\"wpcf7-form-control wpcf7-acceptance\"><span class=\"wpcf7-list-item\"><input type=\"checkbox\" name=\"satzung\" value=\"1\" aria-invalid=\"false\" \/><\/span><\/span><\/span> Ich habe die <a title=\"Satzung\" href=\"http:\/\/www.ispas-ev.de\/?page_id=10\">Satzung<\/a> des Vereins gelesen und bin damit einverstanden\n<\/p>\n<p class=\"formfield\"><input class=\"wpcf7-form-control has-spinner wpcf7-submit\" type=\"submit\" value=\"Senden\" \/>\n<\/p>\n<p style=\"float:none;clear:both\">\n<\/p><div class=\"wpcf7-response-output\" aria-hidden=\"true\"><\/div>\n<\/form>\n<\/div>\n\n<p>Wir versichern, dass Ihre Daten nicht f\u00fcr Werbezwecke, sondern nur vereinsintern verwendet werden. Das Widerrufsrecht entnehmen Sie bitte der <a href=\"http:\/\/www.ispas-ev.de\/?page_id=10\">Vereinssatzung<\/a>.<\/p>\n","protected":false},"excerpt":{"rendered":"<p>Werden Sie Mitglied und bewegen Sie etwas! Wir freuen uns auf Sie. M\u00f6glichkeit 1: per Post PDF-Download ausdrucken + ausf\u00fcllen per Post schicken &nbsp; M\u00f6glichkeit 2: Online Wir versichern, dass [&hellip;]<\/p>\n","protected":false},"author":3,"featured_media":0,"parent":1138,"menu_order":30,"comment_status":"closed","ping_status":"closed","template":"","meta":{"ngg_post_thumbnail":0},"_links":{"self":[{"href":"https:\/\/test.ispas-ev.de\/index.php?rest_route=\/wp\/v2\/pages\/12"}],"collection":[{"href":"https:\/\/test.ispas-ev.de\/index.php?rest_route=\/wp\/v2\/pages"}],"about":[{"href":"https:\/\/test.ispas-ev.de\/index.php?rest_route=\/wp\/v2\/types\/page"}],"author":[{"embeddable":true,"href":"https:\/\/test.ispas-ev.de\/index.php?rest_route=\/wp\/v2\/users\/3"}],"replies":[{"embeddable":true,"href":"https:\/\/test.ispas-ev.de\/index.php?rest_route=%2Fwp%2Fv2%2Fcomments&post=12"}],"version-history":[{"count":12,"href":"https:\/\/test.ispas-ev.de\/index.php?rest_route=\/wp\/v2\/pages\/12\/revisions"}],"predecessor-version":[{"id":4741,"href":"https:\/\/test.ispas-ev.de\/index.php?rest_route=\/wp\/v2\/pages\/12\/revisions\/4741"}],"up":[{"embeddable":true,"href":"https:\/\/test.ispas-ev.de\/index.php?rest_route=\/wp\/v2\/pages\/1138"}],"wp:attachment":[{"href":"https:\/\/test.ispas-ev.de\/index.php?rest_route=%2Fwp%2Fv2%2Fmedia&parent=12"}],"curies":[{"name":"wp","href":"https:\/\/api.w.org\/{rel}","templated":true}]}}